{"id":1186,"date":"2025-06-26T19:23:38","date_gmt":"2025-06-26T23:23:38","guid":{"rendered":"https:\/\/beta.church\/?page_id=1186"},"modified":"2025-09-23T11:53:50","modified_gmt":"2025-09-23T15:53:50","slug":"estrategia","status":"publish","type":"page","link":"https:\/\/beta.church\/en\/estrategia\/","title":{"rendered":"How: strategy"},"content":{"rendered":"<p class=\"p3\" style=\"text-align: center;\"><a href=\"https:\/\/beta.church\/en\/proyecto\/\">Project<\/a> &#8212; <a href=\"https:\/\/beta.church\/en\/porque-otra-iglesia\">Why start another church?<\/a>&nbsp;&#8212; <a href=\"https:\/\/beta.church\/en\/como-unirse\">How can you join the project?<\/a><\/p>\n<p>The project has two phases. The first is the launch of a digital strategy: online evangelistic courses (such as Alpha), prayer meetings, fundraising, and the beginning of team formation with an initial goal of 2\u20133 people, as stated in the <i>Community Church Planting Manual<\/i>. After 6\u20138 months, the second phase will begin\u2014moving into the selected area (Conc\u00f3n) to start in-person gatherings.<\/p>\n<h2><b>DIGITAL<\/b><\/h2>\n<blockquote><p>\u201cGlobally, people spent an average of approximately 7 hours daily in front of a screen in 2020, and this figure is projected to increase by 2050. For most of the world, the digital era is shaping our relationships, desires, brain chemistry, decision-making, character, and our formation in the faith to follow the path of Jesus.\u201d<\/p><\/blockquote>\n<blockquote><p>\u2014 <a href=\"ttps:\/\/congress.lausanne.org\/wp-content\/uploads\/2024\/04\/GAP-7-SCRIPTURE-IN-A-DIGITAL-AGE.pdf\">Fourth Lausanne Congress, 2024<\/a><\/p><\/blockquote>\n<p class=\"p5\">Today, the post-Christian world challenges us to cross a new frontier: the digital realm. In Acts, we see the Church crossing various barriers to bring the Gospel to the ends of the earth. Similarly, today we are called to do the same in the digital world as part of our mission to reach post-Christian culture. This is our starting point: we need to have a digital presence, not only because it is an essential part of our lives and relationships but also because it is a mission field.<\/p>\n<p class=\"p5\">According to the <a href=\"https:\/\/datareportal.com\/reports\/digital-2025-chile\">Digital Report 2025 \u2013 Chile<\/a>:<\/p>\n<ul>\n<li>\n<p class=\"p1\"><span class=\"s1\"><b>Instagram<\/b><\/span> is the second most used social network in the country (after WhatsApp, with 87.2% of internet users over 16 years old).<\/p>\n<\/li>\n<li>\n<p class=\"p1\"><span class=\"s1\"><b>TikTok<\/b><\/span> is the social network where the most time is spent: an average of 45.5 hours per month (on Android devices, November 2024).<\/p>\n<\/li>\n<li>\n<p class=\"p1\">The most active age group on both platforms is 25 to 34 years old (31.2% on Instagram and 37.4% on TikTok).<\/p>\n<\/li>\n<li>\n<p class=\"p1\">The main uses of social networks are to: connect with family and friends, pass time, read new stories, find content such as articles or videos.<\/p>\n<\/li>\n<\/ul>\n<p class=\"p5\">We want to leverage these platforms to generate content that invites spiritual formation.<\/p>\n<ul>\n<li>\n<p class=\"p1\">Starting with <a href=\"https:\/\/www.instagram.com\/beta.church\/\">Instagram<\/a> and <a href=\"https:\/\/www.tiktok.com\/@beta.church\">TikTok<\/a>.<\/p>\n<\/li>\n<li>\n<p class=\"p1\">Then expanding to YouTube and other platforms.<\/p>\n<\/li>\n<\/ul>\n<p class=\"p5\">Whatever the platform, it should serve to give and receive love and practice mutual ministries for the life of the world that God loves, rather than reinforcing consumerism. From worship to discipleship, community formation to missional outreach, connecting our gathered and scattered expressions, the forms of church in the digital age continue to explore the intersection of digital technique and theological foundation, aiming to reflect God both in online life and in people\u2019s daily lives.<\/p>\n<blockquote><p>\u2014 <a href=\"https:\/\/congress.lausanne.org\/wp-content\/uploads\/2024\/04\/GAP-8-CHURCH-FORMS-IN-A-DIGITAL-AGE.pdf\">Fourth Lausanne Congress, 2024<\/a><\/p><\/blockquote>\n<p class=\"p5\">At the beginning of 2025, Chile had 18.6 million internet users, with an online penetration of 94.1 percent. In January 2025, Chile had 14.8 million social media user identities, equivalent to 74.7 percent of the total population.<\/p>\n<blockquote><p>\u2014 <a href=\"https:\/\/datareportal.com\/reports\/digital-2025-chile\">Digital 2025, Chile<\/a><\/p><\/blockquote>\n<h2><b>PLACE<\/b><\/h2>\n<p class=\"p5\">Believers who gather are united in loving covenant fellowship around the Trinitarian presence of the One True God: the Father, the Son Jesus Christ, and the Holy Spirit (see Matthew 28:19; John 14:26).<\/p>\n<blockquote><p>\u2014 Book of Discipline 2023, Free Methodist Church, \u00b66070<\/p><\/blockquote>\n<p class=\"p5\">In a world increasingly affected by the epidemic of loneliness, two types of gatherings are gaining popularity: <a href=\"https:\/\/www.theclinic.cl\/2025\/03\/26\/coffee-party-el-singular-carrete-que-busca-imponerse-en-santiago-con-mucho-cafe-djs-comida-tragos-sin-alcohol-y-hasta-temprano\/\">Coffee Parties<\/a>, events with DJs but without alcohol, and <a href=\"https:\/\/medium.com\/ellemeno\/reading-parties-are-the-new-book-clubs-729d4d22f686\">reading parties<\/a> or <a href=\"https:\/\/www.nbcnews.com\/pop-culture\/pop-culture-news\/book-clubs-social-scenes-gen-z-millennials-rcna200328\">open book clubs<\/a>, where people gather around a passion for books, or events like <a href=\"https:\/\/www.google.com\/url?sa=t&amp;source=web&amp;rct=j&amp;opi=89978449&amp;url=https:\/\/santiagosecreto.com\/amor-y-pastas\/&amp;ved=2ahUKEwjbmqic5PGMAxVAOrkGHeqLFPkQFnoECAkQAQ&amp;usg=AOvVaw3QzO9j_si9JXMSAwLQkAVI\">Amor y Pastas<\/a> in Santiago (which can take this <a href=\"https:\/\/a.co\/d\/99c9Z8o\">model<\/a> or this <a href=\"https:\/\/a.co\/d\/fiMGSMC\">one<\/a>). Interestingly, the sale of physical books, including <a href=\"https:\/\/www.christianitytoday.com\/2021\/09\/wesley-hill-why-i-bring-my-bible-to-church\/\">Bibles<\/a>, has increased, reflecting a desire for tangible and meaningful connection.<\/p>\n<p class=\"p5\">While we recognize the importance of the digital world, we believe that these forms of gathering do not replace but complement face-to-face meetings, especially for new generations.<\/p>\n<p class=\"p5\">The only significant difference with worship services in other evangelical churches will be our commitment that every element of our gatherings is intentionally understandable for all participants, as noted in the Book of Discipline of the Free Methodist Church 2023, \u00b6122: \u201cAccording to the word of God and the custom of the early church, public worship, prayer, and the administration of the sacraments should be conducted in a language understood by the people.\u201d<\/p>\n<p class=\"p5\">Our projection is to plant a church in one of Chile\u2019s three main urban centers, focusing on Greater Valpara\u00edso, as it is the only one of the three that does not yet have a Free Methodist Church presence. In the Conc\u00f3n area, there are currently few churches with a similar focus. Among them is La Trinidad Church, of Presbyterian tradition, with a presence in Vi\u00f1a del Mar, Re\u00f1aca, and Conc\u00f3n. Another related community is Union Church, located in Vi\u00f1a del Mar and linked to the Vineyard movement. Conc\u00f3n is an area experiencing significant urban growth, with a high quality of life, large companies, and vibrant tourist activity, in addition to being an area we know well.<\/p>\n<p class=\"p5\">Our project seeks to establish a community church that initially operates through small groups in caf\u00e9s, homes, outdoor spaces, or rooms in buildings or hotels, later transitioning to larger worship gatherings.<\/p>\n<p class=\"p5\">Our goal is to reach new believers, avoiding the practice of \u201csheep stealing\u201d between congregations. We want to focus on those who have not yet experienced an encounter with Christ and provide them with a community where they can grow in their faith.<\/p>\n<p class=\"p5\">Believers gather regularly for mutual fellowship, edification, and training (The Free Methodist Church aims to be representative of what the church of Jesus Christ should be on earth. Therefore, it requires a specific commitment regarding the faith and life of its members \u00b6121; see Acts 2:42; Romans 12:4-6).<\/p>\n<blockquote><p>\u2014 Book of Discipline 2023, Free Methodist Church, \u00b66070<\/p><\/blockquote>\n<h2><b>ALPHA<\/b><\/h2>\n<p class=\"p5\">Alpha is a multi-week Christian course that explores life, faith, and meaning.<\/p>\n<p class=\"p5\">Its approach makes sharing faith accessible to anyone, even those unfamiliar with the Christian faith.<\/p>\n<p class=\"p5\">Alpha began years ago in a church in London with a simple idea: to create a space where friends who don\u2019t usually attend church could explore faith. Over time, many lives were transformed, and Alpha began to expand worldwide, becoming a key tool for sharing the Gospel in a close and understandable way.<\/p>\n<h2><b>INITIAL PLAN<\/b><\/h2>\n<ul>\n<li>\n<p class=\"p1\">First, 100% digital meetings.<\/p>\n<\/li>\n<li>\n<p class=\"p1\">Then, hybrid or in-person gatherings at our future location.<\/p>\n<\/li>\n<li>\n<p class=\"p1\">Subsequently, Alpha courses in nearby universities.<\/p>\n<\/li>\n<\/ul>\n<p class=\"p5\">For more information, visit \ud83d\udc49 <a href=\"https:\/\/pruebaalpha.org\/\">https:\/\/pruebaalpha.org<\/a><\/p>\n<p class=\"p5\"><a href=\"https:\/\/www.youtube.com\/watch?v=UtU5-k5Z7SA\">https:\/\/www.youtube.com\/watch?v=UtU5-k5Z7SA<\/a><\/p>\n<p><img loading=\"lazy\" decoding=\"async\" width=\"400\" height=\"79\" class=\"wp-image-662\" style=\"width: 400px;\" src=\"https:\/\/beta.church\/wp-content\/uploads\/2025\/03\/Beta.Church_black_low-res-1024x201.png\" alt=\"\" srcset=\"https:\/\/beta.church\/wp-content\/uploads\/2025\/03\/Beta.Church_black_low-res-1024x201.png 1024w, https:\/\/beta.church\/wp-content\/uploads\/2025\/03\/Beta.Church_black_low-res-300x59.png 300w, https:\/\/beta.church\/wp-content\/uploads\/2025\/03\/Beta.Church_black_low-res-768x151.png 768w, https:\/\/beta.church\/wp-content\/uploads\/2025\/03\/Beta.Church_black_low-res-560x110.png 560w, https:\/\/beta.church\/wp-content\/uploads\/2025\/03\/Beta.Church_black_low-res.png 1500w\" sizes=\"auto, (max-width: 400px) 100vw, 400px\" \/><\/p>\n","protected":false},"excerpt":{"rendered":"<p>Project &#8212; Why start another church?&nbsp;&#8212; How can you join the project? The project has two phases. The first is the launch of a digital [&hellip;]<\/p>\n","protected":false},"author":1,"featured_media":0,"parent":0,"menu_order":0,"comment_status":"closed","ping_status":"closed","template":"","meta":{"inline_featured_image":false,"footnotes":""},"class_list":["post-1186","page","type-page","status-publish","hentry"],"_links":{"self":[{"href":"https:\/\/beta.church\/en\/wp-json\/wp\/v2\/pages\/1186","targetHints":{"allow":["GET"]}}],"collection":[{"href":"https:\/\/beta.church\/en\/wp-json\/wp\/v2\/pages"}],"about":[{"href":"https:\/\/beta.church\/en\/wp-json\/wp\/v2\/types\/page"}],"author":[{"embeddable":true,"href":"https:\/\/beta.church\/en\/wp-json\/wp\/v2\/users\/1"}],"replies":[{"embeddable":true,"href":"https:\/\/beta.church\/en\/wp-json\/wp\/v2\/comments?post=1186"}],"version-history":[{"count":7,"href":"https:\/\/beta.church\/en\/wp-json\/wp\/v2\/pages\/1186\/revisions"}],"predecessor-version":[{"id":1265,"href":"https:\/\/beta.church\/en\/wp-json\/wp\/v2\/pages\/1186\/revisions\/1265"}],"wp:attachment":[{"href":"https:\/\/beta.church\/en\/wp-json\/wp\/v2\/media?parent=1186"}],"curies":[{"name":"wp","href":"https:\/\/api.w.org\/{rel}","templated":true}]}}